{"id":6601,"date":"2024-02-28T09:03:22","date_gmt":"2024-02-28T08:03:22","guid":{"rendered":"https:\/\/exandair.com\/?page_id=6601"},"modified":"2024-03-05T12:40:53","modified_gmt":"2024-03-05T11:40:53","slug":"conference","status":"publish","type":"page","link":"https:\/\/exandair.com\/en\/conference\/","title":{"rendered":"Conference Landing"},"content":{"rendered":"\t\t<div data-elementor-type=\"wp-page\" data-elementor-id=\"6601\" class=\"elementor elementor-6601\" data-elementor-post-type=\"page\">\n\t\t\t\t\t\t<section class=\"elementor-section elementor-top-section elementor-element elementor-element-afc1af8 elementor-section-full_width elementor-section-height-default elementor-section-height-default\" data-id=\"afc1af8\" data-element_type=\"section\" data-e-type=\"section\" data-settings=\"{&quot;jet_parallax_layout_list&quot;:[]}\">\n\t\t\t\t\t\t<div class=\"elementor-container elementor-column-gap-default\">\n\t\t\t\t\t<div class=\"elementor-column elementor-col-100 elementor-top-column elementor-element elementor-element-58dae36\" data-id=\"58dae36\" data-element_type=\"column\" data-e-type=\"column\">\n\t\t\t<div class=\"elementor-widget-wrap elementor-element-populated\">\n\t\t\t\t\t\t<div class=\"elementor-element elementor-element-fa9bc4e elementor-widget elementor-widget-image\" data-id=\"fa9bc4e\" data-element_type=\"widget\" data-e-type=\"widget\" data-widget_type=\"image.default\">\n\t\t\t\t<div class=\"elementor-widget-container\">\n\t\t\t\t\t\t\t\t\t\t\t\t\t\t\t<img fetchpriority=\"high\" decoding=\"async\" width=\"1322\" height=\"2560\" src=\"https:\/\/exandair.com\/wp-content\/uploads\/2024\/02\/exandair_landing_page_eng-V02-1-scaled.jpg\" class=\"attachment-full size-full wp-image-6677\" alt=\"\" srcset=\"https:\/\/exandair.com\/wp-content\/uploads\/2024\/02\/exandair_landing_page_eng-V02-1-scaled.jpg 1322w, https:\/\/exandair.com\/wp-content\/uploads\/2024\/02\/exandair_landing_page_eng-V02-1-155x300.jpg 155w, https:\/\/exandair.com\/wp-content\/uploads\/2024\/02\/exandair_landing_page_eng-V02-1-529x1024.jpg 529w, https:\/\/exandair.com\/wp-content\/uploads\/2024\/02\/exandair_landing_page_eng-V02-1-768x1488.jpg 768w, https:\/\/exandair.com\/wp-content\/uploads\/2024\/02\/exandair_landing_page_eng-V02-1-793x1536.jpg 793w, https:\/\/exandair.com\/wp-content\/uploads\/2024\/02\/exandair_landing_page_eng-V02-1-1057x2048.jpg 1057w, https:\/\/exandair.com\/wp-content\/uploads\/2024\/02\/exandair_landing_page_eng-V02-1-6x12.jpg 6w\" sizes=\"(max-width: 1322px) 100vw, 1322px\" \/>\t\t\t\t\t\t\t\t\t\t\t\t\t\t\t<\/div>\n\t\t\t\t<\/div>\n\t\t\t\t\t<\/div>\n\t\t<\/div>\n\t\t\t\t\t<\/div>\n\t\t<\/section>\n\t\t\t\t<section class=\"elementor-section elementor-top-section elementor-element elementor-element-43bba52 elementor-section-boxed elementor-section-height-default elementor-section-height-default\" data-id=\"43bba52\" data-element_type=\"section\" data-e-type=\"section\" data-settings=\"{&quot;jet_parallax_layout_list&quot;:[]}\">\n\t\t\t\t\t\t<div class=\"elementor-container elementor-column-gap-default\">\n\t\t\t\t\t<div class=\"elementor-column elementor-col-100 elementor-top-column elementor-element elementor-element-19ccdd5\" data-id=\"19ccdd5\" data-element_type=\"column\" data-e-type=\"column\">\n\t\t\t<div class=\"elementor-widget-wrap elementor-element-populated\">\n\t\t\t\t\t\t<div class=\"elementor-element elementor-element-eb8c0e2 elementor-widget elementor-widget-heading\" data-id=\"eb8c0e2\" data-element_type=\"widget\" data-e-type=\"widget\" data-widget_type=\"heading.default\">\n\t\t\t\t<div class=\"elementor-widget-container\">\n\t\t\t\t\t<h2 class=\"elementor-heading-title elementor-size-default\"><span style=\"font-size: 44.8px\">Please, fill out for more information<\/span><\/h2>\t\t\t\t<\/div>\n\t\t\t\t<\/div>\n\t\t\t\t<div class=\"elementor-element elementor-element-5d34f10 elementor-widget elementor-widget-text-editor\" data-id=\"5d34f10\" data-element_type=\"widget\" data-e-type=\"widget\" data-widget_type=\"text-editor.default\">\n\t\t\t\t<div class=\"elementor-widget-container\">\n\t\t\t\t\t\t\t\t\t<p>We need the following data for free design<\/p>\t\t\t\t\t\t\t\t<\/div>\n\t\t\t\t<\/div>\n\t\t\t\t<div class=\"elementor-element elementor-element-cdbe1d2 elementor-button-align-center elementor-tablet-button-align-stretch elementor-widget elementor-widget-form\" data-id=\"cdbe1d2\" data-element_type=\"widget\" data-e-type=\"widget\" data-settings=\"{&quot;step_next_label&quot;:&quot;Next&quot;,&quot;step_previous_label&quot;:&quot;Previous&quot;,&quot;button_width&quot;:&quot;100&quot;,&quot;step_type&quot;:&quot;number_text&quot;,&quot;step_icon_shape&quot;:&quot;circle&quot;}\" data-widget_type=\"form.default\">\n\t\t\t\t<div class=\"elementor-widget-container\">\n\t\t\t\t\t\t\t<form class=\"elementor-form\" method=\"post\" name=\"Go landing - EN\" aria-label=\"Go landing - EN\">\n\t\t\t<input type=\"hidden\" name=\"post_id\" value=\"6601\"\/>\n\t\t\t<input type=\"hidden\" name=\"form_id\" value=\"cdbe1d2\"\/>\n\t\t\t<input type=\"hidden\" name=\"referer_title\" value=\"Conference Landing - EXANDAIR\" \/>\n\n\t\t\t\t\t\t\t<input type=\"hidden\" name=\"queried_id\" value=\"6601\"\/>\n\t\t\t\n\t\t\t<div class=\"elementor-form-fields-wrapper elementor-labels-above\">\n\t\t\t\t\t\t\t\t<div class=\"elementor-field-type-text elementor-field-group elementor-column elementor-field-group-name elementor-col-50 elementor-field-required elementor-mark-required\">\n\t\t\t\t\t\t\t\t\t\t\t\t<label for=\"form-field-name\" class=\"elementor-field-label\">\n\t\t\t\t\t\t\t\tFirst name\t\t\t\t\t\t\t<\/label>\n\t\t\t\t\t\t\t\t\t\t\t\t\t\t<input size=\"1\" type=\"text\" name=\"form_fields[name]\" id=\"form-field-name\" class=\"elementor-field elementor-size-md  elementor-field-textual\" placeholder=\"Please enter your first name. \" required=\"required\">\n\t\t\t\t\t\t\t\t\t\t\t<\/div>\n\t\t\t\t\t\t\t\t<div class=\"elementor-field-type-text elementor-field-group elementor-column elementor-field-group-field_c4fbd4d elementor-col-50 elementor-field-required elementor-mark-required\">\n\t\t\t\t\t\t\t\t\t\t\t\t<label for=\"form-field-field_c4fbd4d\" class=\"elementor-field-label\">\n\t\t\t\t\t\t\t\tSurname\t\t\t\t\t\t\t<\/label>\n\t\t\t\t\t\t\t\t\t\t\t\t\t\t<input size=\"1\" type=\"text\" name=\"form_fields[field_c4fbd4d]\" id=\"form-field-field_c4fbd4d\" class=\"elementor-field elementor-size-md  elementor-field-textual\" placeholder=\"Please enter your surname.\" required=\"required\">\n\t\t\t\t\t\t\t\t\t\t\t<\/div>\n\t\t\t\t\t\t\t\t<div class=\"elementor-field-type-email elementor-field-group elementor-column elementor-field-group-email elementor-col-50 elementor-field-required elementor-mark-required\">\n\t\t\t\t\t\t\t\t\t\t\t\t<label for=\"form-field-email\" class=\"elementor-field-label\">\n\t\t\t\t\t\t\t\tEmail\t\t\t\t\t\t\t<\/label>\n\t\t\t\t\t\t\t\t\t\t\t\t\t\t<input size=\"1\" type=\"email\" name=\"form_fields[email]\" id=\"form-field-email\" class=\"elementor-field elementor-size-md  elementor-field-textual\" placeholder=\"Please enter your email address. \" required=\"required\">\n\t\t\t\t\t\t\t\t\t\t\t<\/div>\n\t\t\t\t\t\t\t\t<div class=\"elementor-field-type-tel elementor-field-group elementor-column elementor-field-group-field_9fef9ec elementor-col-50 elementor-field-required elementor-mark-required\">\n\t\t\t\t\t\t\t\t\t\t\t\t<label for=\"form-field-field_9fef9ec\" class=\"elementor-field-label\">\n\t\t\t\t\t\t\t\tTelephone\t\t\t\t\t\t\t<\/label>\n\t\t\t\t\t\t\t\t<input size=\"1\" type=\"tel\" name=\"form_fields[field_9fef9ec]\" id=\"form-field-field_9fef9ec\" class=\"elementor-field elementor-size-md  elementor-field-textual\" placeholder=\"Please enter your telephone number.\" required=\"required\" pattern=\"[0-9()#&amp;+*-=.]+\" title=\"Csak a sz\u00e1mok \u00e9s telefonkarakterek (#, -, * stb.) fogadhat\u00f3k el.\">\n\n\t\t\t\t\t\t<\/div>\n\t\t\t\t\t\t\t\t<div class=\"elementor-field-type-text elementor-field-group elementor-column elementor-field-group-field_ede3cde elementor-col-100 elementor-field-required elementor-mark-required\">\n\t\t\t\t\t\t\t\t\t\t\t\t<label for=\"form-field-field_ede3cde\" class=\"elementor-field-label\">\n\t\t\t\t\t\t\t\tCompany name\t\t\t\t\t\t\t<\/label>\n\t\t\t\t\t\t\t\t\t\t\t\t\t\t<input size=\"1\" type=\"text\" name=\"form_fields[field_ede3cde]\" id=\"form-field-field_ede3cde\" class=\"elementor-field elementor-size-md  elementor-field-textual\" placeholder=\"Please enter here your company name. \" required=\"required\">\n\t\t\t\t\t\t\t\t\t\t\t<\/div>\n\t\t\t\t\t\t\t\t<div class=\"elementor-field-type-html elementor-field-group elementor-column elementor-field-group-field_f129995 elementor-col-100\">\n\t\t\t\t\t<h5>(Optional) data required for planning:<\/h5>\t\t\t\t<\/div>\n\t\t\t\t\t\t\t\t<div class=\"elementor-field-type-text elementor-field-group elementor-column elementor-field-group-field_4d39d07 elementor-col-100\">\n\t\t\t\t\t\t\t\t\t\t\t\t<label for=\"form-field-field_4d39d07\" class=\"elementor-field-label\">\n\t\t\t\t\t\t\t\tAmount of supply air:\t\t\t\t\t\t\t<\/label>\n\t\t\t\t\t\t\t\t\t\t\t\t\t\t<input size=\"1\" type=\"text\" name=\"form_fields[field_4d39d07]\" id=\"form-field-field_4d39d07\" class=\"elementor-field elementor-size-md  elementor-field-textual\">\n\t\t\t\t\t\t\t\t\t\t\t<\/div>\n\t\t\t\t\t\t\t\t<div class=\"elementor-field-type-text elementor-field-group elementor-column elementor-field-group-field_3143724 elementor-col-100\">\n\t\t\t\t\t\t\t\t\t\t\t\t<label for=\"form-field-field_3143724\" class=\"elementor-field-label\">\n\t\t\t\t\t\t\t\tAvailable pressure:\t\t\t\t\t\t\t<\/label>\n\t\t\t\t\t\t\t\t\t\t\t\t\t\t<input size=\"1\" type=\"text\" name=\"form_fields[field_3143724]\" id=\"form-field-field_3143724\" class=\"elementor-field elementor-size-md  elementor-field-textual\">\n\t\t\t\t\t\t\t\t\t\t\t<\/div>\n\t\t\t\t\t\t\t\t<div class=\"elementor-field-type-text elementor-field-group elementor-column elementor-field-group-field_555aba4 elementor-col-100\">\n\t\t\t\t\t\t\t\t\t\t\t\t<label for=\"form-field-field_555aba4\" class=\"elementor-field-label\">\n\t\t\t\t\t\t\t\tAir duct length and route:\t\t\t\t\t\t\t<\/label>\n\t\t\t\t\t\t\t\t\t\t\t\t\t\t<input size=\"1\" type=\"text\" name=\"form_fields[field_555aba4]\" id=\"form-field-field_555aba4\" class=\"elementor-field elementor-size-md  elementor-field-textual\">\n\t\t\t\t\t\t\t\t\t\t\t<\/div>\n\t\t\t\t\t\t\t\t<div class=\"elementor-field-type-text elementor-field-group elementor-column elementor-field-group-field_4160904 elementor-col-100\">\n\t\t\t\t\t\t\t\t\t\t\t\t<label for=\"form-field-field_4160904\" class=\"elementor-field-label\">\n\t\t\t\t\t\t\t\t Existing\/designed ventillation plan if available:\t\t\t\t\t\t\t<\/label>\n\t\t\t\t\t\t\t\t\t\t\t\t\t\t<input size=\"1\" type=\"text\" name=\"form_fields[field_4160904]\" id=\"form-field-field_4160904\" class=\"elementor-field elementor-size-md  elementor-field-textual\">\n\t\t\t\t\t\t\t\t\t\t\t<\/div>\n\t\t\t\t\t\t\t\t<div class=\"elementor-field-type-text elementor-field-group elementor-column elementor-field-group-field_52b870a elementor-col-100\">\n\t\t\t\t\t\t\t\t\t\t\t\t<label for=\"form-field-field_52b870a\" class=\"elementor-field-label\">\n\t\t\t\t\t\t\t\tInstallation height\t\t\t\t\t\t\t<\/label>\n\t\t\t\t\t\t\t\t\t\t\t\t\t\t<input size=\"1\" type=\"text\" name=\"form_fields[field_52b870a]\" id=\"form-field-field_52b870a\" class=\"elementor-field elementor-size-md  elementor-field-textual\">\n\t\t\t\t\t\t\t\t\t\t\t<\/div>\n\t\t\t\t\t\t\t\t<div class=\"elementor-field-type-text elementor-field-group elementor-column elementor-field-group-field_447fa8a elementor-col-100\">\n\t\t\t\t\t\t\t\t\t\t\t\t<label for=\"form-field-field_447fa8a\" class=\"elementor-field-label\">\n\t\t\t\t\t\t\t\tSupply air temperature in winter\/summer:\t\t\t\t\t\t\t<\/label>\n\t\t\t\t\t\t\t\t\t\t\t\t\t\t<input size=\"1\" type=\"text\" name=\"form_fields[field_447fa8a]\" id=\"form-field-field_447fa8a\" class=\"elementor-field elementor-size-md  elementor-field-textual\">\n\t\t\t\t\t\t\t\t\t\t\t<\/div>\n\t\t\t\t\t\t\t\t<div class=\"elementor-field-type-text elementor-field-group elementor-column elementor-field-group-field_8f0f813 elementor-col-100\">\n\t\t\t\t\t\t\t\t\t\t\t\t<label for=\"form-field-field_8f0f813\" class=\"elementor-field-label\">\n\t\t\t\t\t\t\t\tHall temperature in winter\/summer:\t\t\t\t\t\t\t<\/label>\n\t\t\t\t\t\t\t\t\t\t\t\t\t\t<input size=\"1\" type=\"text\" name=\"form_fields[field_8f0f813]\" id=\"form-field-field_8f0f813\" class=\"elementor-field elementor-size-md  elementor-field-textual\">\n\t\t\t\t\t\t\t\t\t\t\t<\/div>\n\t\t\t\t\t\t\t\t<div class=\"elementor-field-type-html elementor-field-group elementor-column elementor-field-group-field_2a2b1fa elementor-col-100\">\n\t\t\t\t\t<h5>(Optional) Please provide the following information material(s) (more than one can be selected):<\/h5>\t\t\t\t<\/div>\n\t\t\t\t\t\t\t\t<div class=\"elementor-field-type-checkbox elementor-field-group elementor-column elementor-field-group-field_a6d3f5f elementor-col-100\">\n\t\t\t\t\t<div class=\"elementor-field-subgroup  \"><span class=\"elementor-field-option\"><input type=\"checkbox\" value=\"Textile air duct general information\" id=\"form-field-field_a6d3f5f-0\" name=\"form_fields[field_a6d3f5f][]\"> <label for=\"form-field-field_a6d3f5f-0\">Textile air duct general information<\/label><\/span><span class=\"elementor-field-option\"><input type=\"checkbox\" value=\"Textile air duct design guide\" id=\"form-field-field_a6d3f5f-1\" name=\"form_fields[field_a6d3f5f][]\"> <label for=\"form-field-field_a6d3f5f-1\">Textile air duct design guide<\/label><\/span><span class=\"elementor-field-option\"><input type=\"checkbox\" value=\"Textile air duct FAQ\" id=\"form-field-field_a6d3f5f-2\" name=\"form_fields[field_a6d3f5f][]\"> <label for=\"form-field-field_a6d3f5f-2\">Textile air duct FAQ<\/label><\/span><span class=\"elementor-field-option\"><input type=\"checkbox\" value=\"Textile air duct survey diary\" id=\"form-field-field_a6d3f5f-3\" name=\"form_fields[field_a6d3f5f][]\"> <label for=\"form-field-field_a6d3f5f-3\">Textile air duct survey diary<\/label><\/span><\/div>\t\t\t\t<\/div>\n\t\t\t\t\t\t\t\t<div class=\"elementor-field-type-acceptance elementor-field-group elementor-column elementor-field-group-field_5e3face elementor-col-100 elementor-field-required elementor-mark-required\">\n\t\t\t\t\t\t\t\t\t\t\t\t<label for=\"form-field-field_5e3face\" class=\"elementor-field-label\">\n\t\t\t\t\t\t\t\tData protection\t\t\t\t\t\t\t<\/label>\n\t\t\t\t\t\t\t\t<div class=\"elementor-field-subgroup\">\n\t\t\t<span class=\"elementor-field-option\">\n\t\t\t\t<input type=\"checkbox\" name=\"form_fields[field_5e3face]\" id=\"form-field-field_5e3face\" class=\"elementor-field elementor-size-md  elementor-acceptance-field\" required=\"required\">\n\t\t\t\t<label for=\"form-field-field_5e3face\"><span class=\"elementor-field-option\">\n\t\t\t\t\n\t\t\t\t\n\t\t\t\t\n\t\t\t\t<label for=\"form-field-field_5e3face\">BY TICKING THIS BOX I AGREE THAT I HAVE READ AND CONSENT TO THE DAAL <a href=\"https:\/\/daalgroup.hu\/wp-content\/uploads\/2021\/01\/Adatkezelesi_tajekoztato-1.pdf\" target=\"_blank\" rel=\"noopener\">PRIVACY POLICY<\/a> AND <a href=\"https:\/\/exandair.com\/wp-content\/uploads\/2024\/02\/ASZF-DAAL-CON-Ltd.-EXANDAIR.01.02.2024.pdf\" target=\"_blank\">TERMS OF SERVICE<\/a> .\n<\/label>\t\t\t<\/span><\/label>\t\t\t<\/span>\n\t\t<\/div>\n\t\t\t\t\t\t<\/div>\n\t\t\t\t\t\t\t\t<div class=\"elementor-field-type-acceptance elementor-field-group elementor-column elementor-field-group-field_f637dd6 elementor-col-100 elementor-field-required elementor-mark-required\">\n\t\t\t\t\t\t\t\t\t\t\t\t<label for=\"form-field-field_f637dd6\" class=\"elementor-field-label\">\n\t\t\t\t\t\t\t\tmanaging data\t\t\t\t\t\t\t<\/label>\n\t\t\t\t\t\t\t\t<div class=\"elementor-field-subgroup\">\n\t\t\t<span class=\"elementor-field-option\">\n\t\t\t\t<input type=\"checkbox\" name=\"form_fields[field_f637dd6]\" id=\"form-field-field_f637dd6\" class=\"elementor-field elementor-size-md  elementor-acceptance-field\" required=\"required\">\n\t\t\t\t<label for=\"form-field-field_f637dd6\">I consent to including and managing my\ndata in the marketing register of DAAL CON Kft.<\/label>\t\t\t<\/span>\n\t\t<\/div>\n\t\t\t\t\t\t<\/div>\n\t\t\t\t\t\t\t\t<div class=\"elementor-field-type-recaptcha_v3 elementor-field-group elementor-column elementor-field-group-field_6e535cb elementor-col-100 recaptcha_v3-bottomright\">\n\t\t\t\t\t<div class=\"elementor-field\" id=\"form-field-field_6e535cb\"><div class=\"elementor-g-recaptcha\" data-sitekey=\"6Lc71hcjAAAAALTKySW_8v6eVd_6wyOb7L9tylw2\" data-type=\"v3\" data-action=\"Form\" data-badge=\"bottomright\" data-size=\"invisible\"><\/div><\/div>\t\t\t\t<\/div>\n\t\t\t\t\t\t\t\t<div class=\"elementor-field-type-html elementor-field-group elementor-column elementor-field-group-field_4b623a7 elementor-col-100\">\n\t\t\t\t\tTHIS WEBSITE IS PROTECTED BY THE RECAPTCHA AND GOOGLE \n    <a href=\"https:\/\/policies.google.com\/privacy\" target=\"_blank\" rel=\"noopener\">PRIVACY POLICY<\/a> AND\n    az <a href=\"https:\/\/policies.google.com\/terms\" target=\"_blank\" rel=\"noopener\">TERMS AND CONDITIONS<\/a>.\t\t\t\t<\/div>\n\t\t\t\t\t\t\t\t<div class=\"elementor-field-type-text\">\n\t\t\t\t\t<input size=\"1\" type=\"text\" name=\"form_fields[field_1112663]\" id=\"form-field-field_1112663\" class=\"elementor-field elementor-size-md \" style=\"display:none !important;\">\t\t\t\t<\/div>\n\t\t\t\t\t\t\t\t<div class=\"elementor-field-group elementor-column elementor-field-type-submit elementor-col-100 e-form__buttons\">\n\t\t\t\t\t<button class=\"elementor-button elementor-size-sm\" type=\"submit\">\n\t\t\t\t\t\t<span class=\"elementor-button-content-wrapper\">\n\t\t\t\t\t\t\t\t\t\t\t\t\t\t\t\t\t\t\t\t\t\t<span class=\"elementor-button-text\">send<\/span>\n\t\t\t\t\t\t\t\t\t\t\t\t\t<\/span>\n\t\t\t\t\t<\/button>\n\t\t\t\t<\/div>\n\t\t\t<\/div>\n\t\t<\/form>\n\t\t\t\t\t\t<\/div>\n\t\t\t\t<\/div>\n\t\t\t\t\t<\/div>\n\t\t<\/div>\n\t\t\t\t\t<\/div>\n\t\t<\/section>\n\t\t\t\t<\/div>\n\t\t","protected":false},"excerpt":{"rendered":"<p>Please, fill out for more information We need the following data for free design<\/p>","protected":false},"author":1,"featured_media":0,"parent":0,"menu_order":0,"comment_status":"closed","ping_status":"closed","template":"elementor_canvas","meta":{"footnotes":""},"class_list":["post-6601","page","type-page","status-publish","hentry"],"_links":{"self":[{"href":"https:\/\/exandair.com\/en\/wp-json\/wp\/v2\/pages\/6601","targetHints":{"allow":["GET"]}}],"collection":[{"href":"https:\/\/exandair.com\/en\/wp-json\/wp\/v2\/pages"}],"about":[{"href":"https:\/\/exandair.com\/en\/wp-json\/wp\/v2\/types\/page"}],"author":[{"embeddable":true,"href":"https:\/\/exandair.com\/en\/wp-json\/wp\/v2\/users\/1"}],"replies":[{"embeddable":true,"href":"https:\/\/exandair.com\/en\/wp-json\/wp\/v2\/comments?post=6601"}],"version-history":[{"count":0,"href":"https:\/\/exandair.com\/en\/wp-json\/wp\/v2\/pages\/6601\/revisions"}],"wp:attachment":[{"href":"https:\/\/exandair.com\/en\/wp-json\/wp\/v2\/media?parent=6601"}],"curies":[{"name":"wp","href":"https:\/\/api.w.org\/{rel}","templated":true}]}}