{"id":5265,"date":"2022-05-03T11:33:55","date_gmt":"2022-05-03T10:33:55","guid":{"rendered":"https:\/\/exandair.com\/?page_id=5265"},"modified":"2023-10-21T11:08:57","modified_gmt":"2023-10-21T10:08:57","slug":"%e3%83%98%e3%83%ab%e3%83%97","status":"publish","type":"page","link":"https:\/\/exandair.com\/ja\/tudastar\/segedletek\/","title":{"rendered":"\u30ea\u30bd\u30fc\u30b9"},"content":{"rendered":"<div data-elementor-type=\"wp-page\" data-elementor-id=\"5265\" class=\"elementor elementor-5265\" data-elementor-post-type=\"page\">\n\t\t\t\t\t\t<section class=\"elementor-section elementor-top-section elementor-element elementor-element-ebaf533 elementor-section-boxed elementor-section-height-default elementor-section-height-default\" data-id=\"ebaf533\" data-element_type=\"section\" data-e-type=\"section\" data-settings=\"{&quot;jet_parallax_layout_list&quot;:[],&quot;background_background&quot;:&quot;classic&quot;}\">\n\t\t\t\t\t\t<div class=\"elementor-container elementor-column-gap-default\">\n\t\t\t\t\t<div class=\"elementor-column elementor-col-100 elementor-top-column elementor-element elementor-element-5bdf931\" data-id=\"5bdf931\" data-element_type=\"column\" data-e-type=\"column\">\n\t\t\t<div class=\"elementor-widget-wrap elementor-element-populated\">\n\t\t\t\t\t\t<div class=\"elementor-element elementor-element-6ca62bb elementor-widget elementor-widget-heading\" data-id=\"6ca62bb\" data-element_type=\"widget\" data-e-type=\"widget\" data-widget_type=\"heading.default\">\n\t\t\t\t<div class=\"elementor-widget-container\">\n\t\t\t\t\t<h2 class=\"elementor-heading-title elementor-size-default\">\u30d8\u30eb\u30d7 - EXANDAIR\u30c6\u30ad\u30b9\u30bf\u30a4\u30eb\u30c0\u30af\u30c8\u306e\u3059\u3079\u3066\u3092\u30c0\u30a6\u30f3\u30ed\u30fc\u30c9\u3057\u3066\u308f\u304b\u308a\u3084\u3059\u304f\u3054\u8aac\u660e\u3057\u307e\u3059\u3002<\/h2>\t\t\t\t<\/div>\n\t\t\t\t<\/div>\n\t\t\t\t\t<\/div>\n\t\t<\/div>\n\t\t\t\t\t<\/div>\n\t\t<\/section>\n\t\t\t\t<section class=\"elementor-section elementor-top-section elementor-element elementor-element-24fcdd8 elementor-section-boxed elementor-section-height-default elementor-section-height-default\" data-id=\"24fcdd8\" data-element_type=\"section\" data-e-type=\"section\" data-settings=\"{&quot;jet_parallax_layout_list&quot;:[],&quot;background_background&quot;:&quot;classic&quot;}\">\n\t\t\t\t\t\t<div class=\"elementor-container elementor-column-gap-default\">\n\t\t\t\t\t<div class=\"elementor-column elementor-col-100 elementor-top-column elementor-element elementor-element-a4506a1\" data-id=\"a4506a1\" data-element_type=\"column\" data-e-type=\"column\">\n\t\t\t<div class=\"elementor-widget-wrap elementor-element-populated\">\n\t\t\t\t\t\t<div class=\"elementor-element elementor-element-2cfb6e4 elementor-widget elementor-widget-text-editor\" data-id=\"2cfb6e4\" data-element_type=\"widget\" data-e-type=\"widget\" data-widget_type=\"text-editor.default\">\n\t\t\t\t<div class=\"elementor-widget-container\">\n\t\t\t\t\t\t\t\t\t<p>\u30a4\u30f3\u30c6\u30ea\u30a2\u30c7\u30b6\u30a4\u30ca\u30fc\u3001\u30d7\u30e9\u30f3\u30ca\u30fc\u3001\u8acb\u8ca0\u696d\u8005\u3001\u6295\u8cc7\u5bb6\u3001\u4e8b\u696d\u8005\u3001\u8cfc\u5165\u8005\u306e\u7686\u69d8\u3078\uff01EXANDAIR\u30c6\u30ad\u30b9\u30bf\u30a4\u30eb\u30c0\u30af\u30c8\u306b\u95a2\u3059\u308b\u6280\u8853\u60c5\u5831\u3084\u6982\u8981\u304c\u3054\u89a7\u3044\u305f\u3060\u3051\u307e\u3059\u3002\u30c8\u30d4\u30c3\u30af\u3092\u95b2\u89a7\u3057\u3001\u5fc5\u8981\u306a\u30d8\u30eb\u30d7\u3092\u30c0\u30a6\u30f3\u30ed\u30fc\u30c9\u3057\u3066\u304f\u3060\u3055\u3044\uff01<\/p>\t\t\t\t\t\t\t\t<\/div>\n\t\t\t\t<\/div>\n\t\t\t\t\t<\/div>\n\t\t<\/div>\n\t\t\t\t\t<\/div>\n\t\t<\/section>\n\t\t\t\t<section class=\"elementor-section elementor-top-section elementor-element elementor-element-cdb1edd elementor-section-content-middle elementor-section-boxed elementor-section-height-default elementor-section-height-default\" data-id=\"cdb1edd\" data-element_type=\"section\" data-e-type=\"section\" data-settings=\"{&quot;jet_parallax_layout_list&quot;:[],&quot;background_background&quot;:&quot;classic&quot;}\">\n\t\t\t\t\t\t<div class=\"elementor-container elementor-column-gap-wide\">\n\t\t\t\t\t<div class=\"elementor-column elementor-col-33 elementor-top-column elementor-element elementor-element-5a3dd86\" data-id=\"5a3dd86\" data-element_type=\"column\" data-e-type=\"column\" data-settings=\"{&quot;background_background&quot;:&quot;classic&quot;}\">\n\t\t\t<div class=\"elementor-widget-wrap elementor-element-populated\">\n\t\t\t\t\t\t<div class=\"elementor-element elementor-element-4d0a43b elementor-widget elementor-widget-jet-animated-box\" data-id=\"4d0a43b\" data-element_type=\"widget\" data-e-type=\"widget\" data-widget_type=\"jet-animated-box.default\">\n\t\t\t\t<div class=\"elementor-widget-container\">\n\t\t\t\t\t<div class=\"elementor-jet-animated-box jet-elements\"><div id=\"jet-animated-box-4d0a43b\" class=\"jet-animated-box jet-box-effect-1\" data-settings='{&quot;widgetId&quot;:&quot;4d0a43b&quot;,&quot;switchEventType&quot;:&quot;hover&quot;,&quot;paperFoldDirection&quot;:&quot;left&quot;,&quot;slideOutDirection&quot;:&quot;left&quot;,&quot;peelCornerPosition&quot;:&quot;right&quot;}'>\n\t<div id=\"jet-animated-box__front-4d0a43b\" class=\"jet-animated-box__front\">\n\t\t<div class=\"jet-animated-box__inner\"><div class=\"jet-animated-box__content\"><h3 class=\"jet-animated-box__title jet-animated-box__title--front\">\u30d5\u30a1\u30af\u30c8\u30b7\u30fc\u30c8<\/h3><\/div><\/div>\n\t\t<div class=\"jet-animated-box__overlay\"><\/div><\/div>\n\t<div id=\"jet-animated-box__back-4d0a43b\" class=\"jet-animated-box__back\">\n\t\t<div class=\"jet-animated-box__inner\"><div class=\"jet-animated-box__content\"><h3 class=\"jet-animated-box__title jet-animated-box__title--back\">\u30d5\u30a1\u30af\u30c8\u30b7\u30fc\u30c8<\/h3><p class=\"jet-animated-box__description jet-animated-box__description--back\">\u7e4a\u7dad\u30c0\u30af\u30c8\u30b7\u30b9\u30c6\u30e0\u306e\u5229\u70b9\u306f\uff1f\u3069\u306e\u3088\u3046\u306b\u6a5f\u80fd\u3059\u308b\u306e\u3067\u3059\u304b\uff1f\u306a\u305c\u4ed6\u306e\u30b7\u30b9\u30c6\u30e0\u3088\u308a\u8cbb\u7528\u5bfe\u52b9\u679c\u304c\u9ad8\u3044\u306e\u3067\u3059\u304b\uff1f\u3069\u306e\u3088\u3046\u306b\u7f8e\u89b3\u3092\u30b5\u30dd\u30fc\u30c8\u3059\u308b\u306e\u3067\u3059\u304b\uff1f<\/p><a class=\"elementor-button elementor-size-md jet-animated-box__button jet-animated-box__button--back jet-animated-box__button--icon-after\" href=\"#elementor-action%3Aaction%3Dpopup%3Aopen%26settings%3DeyJpZCI6IjU2NDYiLCJ0b2dnbGUiOmZhbHNlfQ%3D%3D\" target=\"_blank\"><span class=\"jet-animated-box__button-text\">\u30ea\u30fc\u30d5\u30ec\u30c3\u30c8\u306e\u30c0\u30a6\u30f3\u30ed\u30fc\u30c9<\/span><span class=\"jet-animated-box__button-icon jet-elements-icon\"><i aria-hidden=\"true\" class=\"fas fa-arrow-alt-circle-right\"><\/i><\/span><\/a>\n\n<\/div><\/div>\n\t\t<div class=\"jet-animated-box__overlay\"><\/div><\/div>\n<\/div>\n<\/div>\t\t\t\t<\/div>\n\t\t\t\t<\/div>\n\t\t\t\t\t<\/div>\n\t\t<\/div>\n\t\t\t\t<div class=\"elementor-column elementor-col-33 elementor-top-column elementor-element elementor-element-57a39e8\" data-id=\"57a39e8\" data-element_type=\"column\" data-e-type=\"column\">\n\t\t\t<div class=\"elementor-widget-wrap elementor-element-populated\">\n\t\t\t\t\t\t<div class=\"elementor-element elementor-element-e8d34de elementor-widget elementor-widget-jet-animated-box\" data-id=\"e8d34de\" data-element_type=\"widget\" data-e-type=\"widget\" data-widget_type=\"jet-animated-box.default\">\n\t\t\t\t<div class=\"elementor-widget-container\">\n\t\t\t\t\t<div class=\"elementor-jet-animated-box jet-elements\"><div id=\"jet-animated-box-e8d34de\" class=\"jet-animated-box jet-box-effect-1\" data-settings='{&quot;widgetId&quot;:&quot;e8d34de&quot;,&quot;switchEventType&quot;:&quot;hover&quot;,&quot;paperFoldDirection&quot;:&quot;left&quot;,&quot;slideOutDirection&quot;:&quot;left&quot;,&quot;peelCornerPosition&quot;:&quot;right&quot;}'>\n\t<div id=\"jet-animated-box__front-e8d34de\" class=\"jet-animated-box__front\">\n\t\t<div class=\"jet-animated-box__inner\"><div class=\"jet-animated-box__content\"><h3 class=\"jet-animated-box__title jet-animated-box__title--front\">\u5c0f\u3055\u3044<\/h3><\/div><\/div>\n\t\t<div class=\"jet-animated-box__overlay\"><\/div><\/div>\n\t<div id=\"jet-animated-box__back-e8d34de\" class=\"jet-animated-box__back\">\n\t\t<div class=\"jet-animated-box__inner\"><div class=\"jet-animated-box__content\"><h3 class=\"jet-animated-box__title jet-animated-box__title--back\">\u5c0f\u3055\u3044<\/h3><p class=\"jet-animated-box__description jet-animated-box__description--back\">\u30b7\u30b9\u30c6\u30e0\u304c\u52d5\u304b\u306a\u304f\u306a\u3063\u305f\u3089\u3069\u3046\u3059\u308c\u3070\u3044\u3044\uff1f\u30e1\u30f3\u30c6\u30ca\u30f3\u30b9\u65b9\u6cd5\u306f\uff1f\u8a2d\u7f6e\u306b\u306f\u5c02\u9580\u5bb6\u304c\u5fc5\u8981\u3067\u3059\u304b\uff1f\u62bd\u51fa\u306b\u4f7f\u7528\u3067\u304d\u307e\u3059\u304b\uff1f\u898f\u5236\u306f\u5fc5\u8981\u3067\u3059\u304b\uff1f\u3069\u3053\u307e\u3067\u30cb\u30fc\u30ba\u306b\u5408\u308f\u305b\u3089\u308c\u307e\u3059\u304b\uff1f<\/p><a class=\"elementor-button elementor-size-md jet-animated-box__button jet-animated-box__button--back jet-animated-box__button--icon-after\" href=\"https:\/\/exandair.com\/wp-content\/uploads\/2021\/01\/EXANDAIR-textil-legcsatorna-kisokos.pdf\" target=\"_blank\"><span class=\"jet-animated-box__button-text\">\u30c1\u30e5\u30fc\u30c8\u30ea\u30a2\u30eb\u3092\u30c0\u30a6\u30f3\u30ed\u30fc\u30c9\u3059\u308b<\/span><span class=\"jet-animated-box__button-icon jet-elements-icon\"><i aria-hidden=\"true\" class=\"fas fa-arrow-alt-circle-right\"><\/i><\/span><\/a>\n\n<\/div><\/div>\n\t\t<div class=\"jet-animated-box__overlay\"><\/div><\/div>\n<\/div>\n<\/div>\t\t\t\t<\/div>\n\t\t\t\t<\/div>\n\t\t\t\t\t<\/div>\n\t\t<\/div>\n\t\t\t\t<div class=\"elementor-column elementor-col-33 elementor-top-column elementor-element elementor-element-43694ff\" data-id=\"43694ff\" data-element_type=\"column\" data-e-type=\"column\">\n\t\t\t<div class=\"elementor-widget-wrap elementor-element-populated\">\n\t\t\t\t\t\t<div class=\"elementor-element elementor-element-dd64d4e elementor-widget elementor-widget-jet-animated-box\" data-id=\"dd64d4e\" data-element_type=\"widget\" data-e-type=\"widget\" data-widget_type=\"jet-animated-box.default\">\n\t\t\t\t<div class=\"elementor-widget-container\">\n\t\t\t\t\t<div class=\"elementor-jet-animated-box jet-elements\"><div id=\"jet-animated-box-dd64d4e\" class=\"jet-animated-box jet-box-effect-1\" data-settings='{&quot;widgetId&quot;:&quot;dd64d4e&quot;,&quot;switchEventType&quot;:&quot;hover&quot;,&quot;paperFoldDirection&quot;:&quot;left&quot;,&quot;slideOutDirection&quot;:&quot;left&quot;,&quot;peelCornerPosition&quot;:&quot;right&quot;}'>\n\t<div id=\"jet-animated-box__front-dd64d4e\" class=\"jet-animated-box__front\">\n\t\t<div class=\"jet-animated-box__inner\"><div class=\"jet-animated-box__content\"><h3 class=\"jet-animated-box__title jet-animated-box__title--front\">\u30a2\u30f3\u30b1\u30fc\u30c8 <br>\u30ed\u30b0<\/h3><\/div><\/div>\n\t\t<div class=\"jet-animated-box__overlay\"><\/div><\/div>\n\t<div id=\"jet-animated-box__back-dd64d4e\" class=\"jet-animated-box__back\">\n\t\t<div class=\"jet-animated-box__inner\"><div class=\"jet-animated-box__content\"><h3 class=\"jet-animated-box__title jet-animated-box__title--back\">\u8abf\u67fb\u65e5\u8a8c<\/h3><p class=\"jet-animated-box__description jet-animated-box__description--back\">\u307e\u305f\u3001\u898b\u7a4d\u3082\u308a\u4f9d\u983c\u306e\u6e96\u5099\u3082\u5bb9\u6613\u306b\u306a\u308a\u307e\u3059\u3002<\/p><a class=\"elementor-button elementor-size-md jet-animated-box__button jet-animated-box__button--back jet-animated-box__button--icon-after\" href=\"https:\/\/exandair.com\/wp-content\/uploads\/2023\/07\/EXANDAIR-Textil-legcsatorna-felmeresi-naplo_2307_kicsi.pdf\" target=\"_blank\"><span class=\"jet-animated-box__button-text\">\u65e5\u8a18\u3092\u30c0\u30a6\u30f3\u30ed\u30fc\u30c9\u3059\u308b<\/span><span class=\"jet-animated-box__button-icon jet-elements-icon\"><i aria-hidden=\"true\" class=\"fas fa-arrow-alt-circle-right\"><\/i><\/span><\/a>\n\n<\/div><\/div>\n\t\t<div class=\"jet-animated-box__overlay\"><\/div><\/div>\n<\/div>\n<\/div>\t\t\t\t<\/div>\n\t\t\t\t<\/div>\n\t\t\t\t\t<\/div>\n\t\t<\/div>\n\t\t\t\t\t<\/div>\n\t\t<\/section>\n\t\t\t\t<section class=\"elementor-section elementor-top-section elementor-element elementor-element-f3e4cef elementor-section-content-middle elementor-section-boxed elementor-section-height-default elementor-section-height-default\" data-id=\"f3e4cef\" data-element_type=\"section\" data-e-type=\"section\" data-settings=\"{&quot;jet_parallax_layout_list&quot;:[],&quot;background_background&quot;:&quot;classic&quot;,&quot;shape_divider_bottom&quot;:&quot;waves&quot;}\">\n\t\t\t\t\t<div class=\"elementor-shape elementor-shape-bottom\" aria-hidden=\"true\" data-negative=\"false\">\n\t\t\t<svg xmlns=\"http:\/\/www.w3.org\/2000\/svg\" viewbox=\"0 0 1000 100\" preserveaspectratio=\"none\">\n\t<path class=\"elementor-shape-fill\" d=\"M421.9,6.5c22.6-2.5,51.5,0.4,75.5,5.3c23.6,4.9,70.9,23.5,100.5,35.7c75.8,32.2,133.7,44.5,192.6,49.7\tc23.6,2.1,48.7,3.5,103.4-2.5c54.7-6,106.2-25.6,106.2-25.6V0H0v30.3c0,0,72,32.6,158.4,30.5c39.2-0.7,92.8-6.7,134-22.4\tc21.2-8.1,52.2-18.2,79.7-24.2C399.3,7.9,411.6,7.5,421.9,6.5z\"\/>\n<\/svg>\t\t<\/div>\n\t\t\t\t\t<div class=\"elementor-container elementor-column-gap-wide\">\n\t\t\t\t\t<div class=\"elementor-column elementor-col-50 elementor-top-column elementor-element elementor-element-d76f7ce\" data-id=\"d76f7ce\" data-element_type=\"column\" data-e-type=\"column\" data-settings=\"{&quot;background_background&quot;:&quot;classic&quot;}\">\n\t\t\t<div class=\"elementor-widget-wrap elementor-element-populated\">\n\t\t\t\t\t\t<div class=\"elementor-element elementor-element-e95b699 elementor-widget elementor-widget-jet-animated-box\" data-id=\"e95b699\" data-element_type=\"widget\" data-e-type=\"widget\" data-widget_type=\"jet-animated-box.default\">\n\t\t\t\t<div class=\"elementor-widget-container\">\n\t\t\t\t\t<div class=\"elementor-jet-animated-box jet-elements\"><div id=\"jet-animated-box-e95b699\" class=\"jet-animated-box jet-box-effect-1\" data-settings='{&quot;widgetId&quot;:&quot;e95b699&quot;,&quot;switchEventType&quot;:&quot;hover&quot;,&quot;paperFoldDirection&quot;:&quot;left&quot;,&quot;slideOutDirection&quot;:&quot;left&quot;,&quot;peelCornerPosition&quot;:&quot;right&quot;}'>\n\t<div id=\"jet-animated-box__front-e95b699\" class=\"jet-animated-box__front\">\n\t\t<div class=\"jet-animated-box__inner\"><div class=\"jet-animated-box__content\"><h3 class=\"jet-animated-box__title jet-animated-box__title--front\">\u30c7\u30b6\u30a4\u30f3 <br>\u30d8\u30eb\u30d7<\/h3><\/div><\/div>\n\t\t<div class=\"jet-animated-box__overlay\"><\/div><\/div>\n\t<div id=\"jet-animated-box__back-e95b699\" class=\"jet-animated-box__back\">\n\t\t<div class=\"jet-animated-box__inner\"><div class=\"jet-animated-box__content\"><h3 class=\"jet-animated-box__title jet-animated-box__title--back\">\u8a2d\u8a08\u652f\u63f4<\/h3><p class=\"jet-animated-box__description jet-animated-box__description--back\">\u7e4a\u7dad\u88fd\u30a8\u30a2\u30c0\u30af\u30c8\u304c\u3069\u306e\u3088\u3046\u306b\u6a5f\u80fd\u3059\u308b\u306e\u304b\u304c\u3088\u304f\u308f\u304b\u308a\u307e\u3059\u3002\u5f93\u6765\u306e\u30c0\u30af\u30c8\u3068\u7e54\u7269\u30c0\u30af\u30c8\u306e\u9055\u3044\u306b\u95a2\u3059\u308b\u3042\u3089\u3086\u308b\u7591\u554f\u306b\u304a\u7b54\u3048\u3057\u307e\u3059\u3002\u307e\u305f\u3001\u5186\u5f62\u3001\u534a\u5186\u5f62\u3001\u56db\u5206\u306e\u4e00\u5186\u5f62\u306e\u7e4a\u7dad\u30c0\u30af\u30c8\u306e\u30b5\u30a4\u30ba\u30ac\u30a4\u30c9\u3082\u3054\u89a7\u3044\u305f\u3060\u3051\u307e\u3059\u3002<\/p><a class=\"elementor-button elementor-size-md jet-animated-box__button jet-animated-box__button--back jet-animated-box__button--icon-after\" href=\"#elementor-action%3Aaction%3Dpopup%3Aopen%26settings%3DeyJpZCI6IjU1ODUiLCJ0b2dnbGUiOmZhbHNlfQ%3D%3D\" target=\"_blank\"><span class=\"jet-animated-box__button-text\">\u30d8\u30eb\u30d7\u30d5\u30a1\u30a4\u30eb\u306e\u30c0\u30a6\u30f3\u30ed\u30fc\u30c9<\/span><span class=\"jet-animated-box__button-icon jet-elements-icon\"><i aria-hidden=\"true\" class=\"fas fa-arrow-alt-circle-right\"><\/i><\/span><\/a>\n\n<\/div><\/div>\n\t\t<div class=\"jet-animated-box__overlay\"><\/div><\/div>\n<\/div>\n<\/div>\t\t\t\t<\/div>\n\t\t\t\t<\/div>\n\t\t\t\t\t<\/div>\n\t\t<\/div>\n\t\t\t\t<div class=\"elementor-column elementor-col-50 elementor-top-column elementor-element elementor-element-0ecb1e6\" data-id=\"0ecb1e6\" data-element_type=\"column\" data-e-type=\"column\">\n\t\t\t<div class=\"elementor-widget-wrap elementor-element-populated\">\n\t\t\t\t\t\t<div class=\"elementor-element elementor-element-c630b64 elementor-widget elementor-widget-jet-animated-box\" data-id=\"c630b64\" data-element_type=\"widget\" data-e-type=\"widget\" data-widget_type=\"jet-animated-box.default\">\n\t\t\t\t<div class=\"elementor-widget-container\">\n\t\t\t\t\t<div class=\"elementor-jet-animated-box jet-elements\"><div id=\"jet-animated-box-c630b64\" class=\"jet-animated-box jet-box-effect-1\" data-settings='{&quot;widgetId&quot;:&quot;c630b64&quot;,&quot;switchEventType&quot;:&quot;hover&quot;,&quot;paperFoldDirection&quot;:&quot;left&quot;,&quot;slideOutDirection&quot;:&quot;left&quot;,&quot;peelCornerPosition&quot;:&quot;right&quot;}'>\n\t<div id=\"jet-animated-box__front-c630b64\" class=\"jet-animated-box__front\">\n\t\t<div class=\"jet-animated-box__inner\"><div class=\"jet-animated-box__content\"><h3 class=\"jet-animated-box__title jet-animated-box__title--front\">\u8acb\u8ca0\u696d\u8005\u5411\u3051\u60c5\u5831<\/h3><\/div><\/div>\n\t\t<div class=\"jet-animated-box__overlay\"><\/div><\/div>\n\t<div id=\"jet-animated-box__back-c630b64\" class=\"jet-animated-box__back\">\n\t\t<div class=\"jet-animated-box__inner\"><div class=\"jet-animated-box__content\"><h3 class=\"jet-animated-box__title jet-animated-box__title--back\">\u8acb\u8ca0\u696d\u8005\u5411\u3051\u60c5\u5831<\/h3><p class=\"jet-animated-box__description jet-animated-box__description--back\">\u30c6\u30ad\u30b9\u30bf\u30a4\u30eb\u30c0\u30af\u30c8\u306e\u5229\u70b9\u306f\uff1f\u5f93\u6765\u306e\u30a8\u30a2\u6280\u8853\u3068\u3069\u3046\u9055\u3046\u306e\u3067\u3059\u304b\uff1f\u56fa\u5b9a\u65b9\u6cd5\u306f\uff1f<\/p><a class=\"elementor-button elementor-size-md jet-animated-box__button jet-animated-box__button--back jet-animated-box__button--icon-after\" href=\"#elementor-action%3Aaction%3Dpopup%3Aopen%26settings%3DeyJpZCI6IjU1OTciLCJ0b2dnbGUiOmZhbHNlfQ%3D%3D\" target=\"_blank\"><span class=\"jet-animated-box__button-text\">\u30c0\u30a6\u30f3\u30ed\u30fc\u30c9<\/span><span class=\"jet-animated-box__button-icon jet-elements-icon\"><i aria-hidden=\"true\" class=\"fas fa-arrow-alt-circle-right\"><\/i><\/span><\/a>\n\n<\/div><\/div>\n\t\t<div class=\"jet-animated-box__overlay\"><\/div><\/div>\n<\/div>\n<\/div>\t\t\t\t<\/div>\n\t\t\t\t<\/div>\n\t\t\t\t\t<\/div>\n\t\t<\/div>\n\t\t\t\t\t<\/div>\n\t\t<\/section>\n\t\t\t\t<\/div>","protected":false},"excerpt":{"rendered":"<p>Seg\u00e9dletek &#8211; T\u00f6ltsd le \u00e9s tudj meg mindent az EXANDAIR textil l\u00e9gcsatorn\u00e1r\u00f3l k\u00f6z\u00e9rthet\u0151en Bels\u0151\u00e9p\u00edt\u00e9szek, tervez\u0151k, kivitelez\u0151k, beruh\u00e1z\u00f3k, \u00fczemeltet\u0151k \u00e9s beszerz\u0151k figyelem! Itt megtal\u00e1lsz minden szakmai \u00e9s \u00f6sszegz\u0151 inform\u00e1ci\u00f3t az EXANDAIR textil l\u00e9gcsatorn\u00e1val kapcsolatban, amire sz\u00fcks\u00e9ged van. Tekintsd \u00e1t a t\u00e9m\u00e1kat \u00e9s t\u00f6ltsd le a seg\u00e9dletet, amire sz\u00fcks\u00e9ged van! T\u00e1j\u00e9koztat\u00f3 T\u00e1j\u00e9koztat\u00f3 Milyen el\u0151nyei vannak a textil l\u00e9gcsatorna rendszereknek? Hogyan m\u0171k\u00f6dik? Mi\u00e9rt k\u00f6lts\u00e9ghat\u00e9konyabb m\u00e1s rendszerekn\u00e9l? Hogyan t\u00e1mogatja az eszt\u00e9tikus megjelen\u00e9st? Kisokos Kisokos Mit tegyek, ha le\u00e1ll a rendszer? Hogyan kell karbantartani? K\u00fcl\u00f6n szakember kell a szerel\u00e9shez? Elsz\u00edv\u00e1sra is haszn\u00e1lhat\u00f3? Sz\u00fcks\u00e9ges a beszab\u00e1lyoz\u00e1sa? Milyen m\u00e9rt\u00e9kben lehet az ig\u00e9nyeimre szabni? Let\u00f6lt\u00f6m a kisokost Felm\u00e9r\u00e9si napl\u00f3 Felm\u00e9r\u00e9si napl\u00f3 K\u00f6nnyed\u00e9n fel tudod m\u00e9rni, hogy mi az, [&hellip;]<\/p>\n","protected":false},"author":1,"featured_media":0,"parent":1317,"menu_order":2,"comment_status":"closed","ping_status":"closed","template":"elementor_header_footer","meta":{"footnotes":""},"class_list":["post-5265","page","type-page","status-publish","hentry"],"_links":{"self":[{"href":"https:\/\/exandair.com\/ja\/wp-json\/wp\/v2\/pages\/5265","targetHints":{"allow":["GET"]}}],"collection":[{"href":"https:\/\/exandair.com\/ja\/wp-json\/wp\/v2\/pages"}],"about":[{"href":"https:\/\/exandair.com\/ja\/wp-json\/wp\/v2\/types\/page"}],"author":[{"embeddable":true,"href":"https:\/\/exandair.com\/ja\/wp-json\/wp\/v2\/users\/1"}],"replies":[{"embeddable":true,"href":"https:\/\/exandair.com\/ja\/wp-json\/wp\/v2\/comments?post=5265"}],"version-history":[{"count":0,"href":"https:\/\/exandair.com\/ja\/wp-json\/wp\/v2\/pages\/5265\/revisions"}],"up":[{"embeddable":true,"href":"https:\/\/exandair.com\/ja\/wp-json\/wp\/v2\/pages\/1317"}],"wp:attachment":[{"href":"https:\/\/exandair.com\/ja\/wp-json\/wp\/v2\/media?parent=5265"}],"curies":[{"name":"wp","href":"https:\/\/api.w.org\/{rel}","templated":true}]}}