{"id":5664,"date":"2022-07-21T16:14:07","date_gmt":"2022-07-21T15:14:07","guid":{"rendered":"https:\/\/exandair.com\/?page_id=5664"},"modified":"2025-06-18T11:47:37","modified_gmt":"2025-06-18T10:47:37","slug":"%e3%82%bb%e3%83%bc%e3%83%81%e3%82%a7%e3%83%bc%e3%83%8b%e3%83%bb%e3%83%97%e3%83%a9%e3%83%b3%e3%83%bb%e3%83%97%e3%83%a9%e3%82%b9%e3%83%bb%e3%82%bf%e3%83%a2%e3%82%ac%e3%82%bf","status":"publish","type":"page","link":"https:\/\/exandair.com\/ja\/szechenyi-terv-plusz-tamogatas\/","title":{"rendered":"\u7e4a\u7dad\u30c0\u30af\u30c8\u30b7\u30b9\u30c6\u30e0\u306e\u5c0e\u5165"},"content":{"rendered":"<div data-elementor-type=\"wp-page\" data-elementor-id=\"5664\" class=\"elementor elementor-5664\" data-elementor-post-type=\"page\">\n\t\t\t\t\t\t<section class=\"elementor-section elementor-top-section elementor-element elementor-element-7b0b1e95 elementor-section-boxed elementor-section-height-default elementor-section-height-default\" data-id=\"7b0b1e95\" data-element_type=\"section\" data-e-type=\"section\" data-settings=\"{&quot;jet_parallax_layout_list&quot;:[]}\">\n\t\t\t\t\t\t<div class=\"elementor-container elementor-column-gap-default\">\n\t\t\t\t\t<div class=\"elementor-column elementor-col-100 elementor-top-column elementor-element elementor-element-1e81a51c\" data-id=\"1e81a51c\" data-element_type=\"column\" data-e-type=\"column\">\n\t\t\t<div class=\"elementor-widget-wrap elementor-element-populated\">\n\t\t\t\t\t\t<div class=\"elementor-element elementor-element-189e61f3 elementor-widget elementor-widget-text-editor\" data-id=\"189e61f3\" data-element_type=\"widget\" data-e-type=\"widget\" data-widget_type=\"text-editor.default\">\n\t\t\t\t<div class=\"elementor-widget-container\">\n\t\t\t\t\t\t\t\t\t<figure><img fetchpriority=\"high\" decoding=\"async\" src=\"https:\/\/exandair.com\/wp-content\/uploads\/2022\/08\/Szechenyi-Terv-Plusz_allo_infoblokk_rgb_tarsfinansziroz-s-300x261.jpg\" alt=\"\" width=\"300\" height=\"261\" \/><\/figure>\n<p><!-- \/wp:image --><\/p>\n<p><!-- wp:paragraph --><\/p>\n<p class=\"translation-block\"><strong>\u53d7\u76ca\u8005\u540d\uff1a<\/strong> DAAL-CON Korl\u00e1tolt Felel\u0151ss\u00e9g\u0171 T\u00e1rsas\u00e1g<\/p>\n<p>\u00a0<\/p>\n<p><!-- \/wp:paragraph --><\/p>\n<p><!-- wp:paragraph --><\/p>\n<p><strong>\u00a0<\/strong><\/p>\n<p class=\"translation-block\"><strong>\u958b\u767a\u306e\u30c6\u30fc\u30de\u304a\u3088\u3073\u76ee\u7684<\/strong> \u7e4a\u7dad\u30c0\u30af\u30c8\u30b7\u30b9\u30c6\u30e0\u306e\u5c0e\u5165<\/p>\n<p><!-- \/wp:paragraph --><\/p>\n<p><!-- wp:paragraph --><\/p>\n<p>\u00a0<\/p>\n<p class=\"translation-block\"><strong style=\"color: var( --e-global-color-text );font-family: var( --e-global-typography-text-font-family ), Sans-serif;font-size: var( --e-global-typography-text-font-size )\">\u63f4\u52a9\u5951\u7d04\u984d\uff1a<\/p>\n<p>\u00a0<\/p>\n<p><strong>\u6b27\u5dde\u9023\u5408\u306e\u652f\u63f4\u984d\uff1a<\/strong> 165 837 765 Ft<\/p>\n<p>\u00a0<\/p>\n<p><b>\u00a0<\/b><\/p>\n<p><b>\u63f4\u52a9\u306e\u5f37\u5ea6\uff1a <\/b>65,11%<\/p>\n<p>\u00a0<\/p>\n<p><!-- \/wp:paragraph --><\/p>\n<p><!-- wp:paragraph --><\/p>\n<p><strong style=\"color: var( --e-global-color-text ); font-family: var( --e-global-typography-text-font-family ), Sans-serif; font-size: var( --e-global-typography-text-font-size );\">\u00a0<\/strong><\/p>\n<p><strong>\u30d7\u30ed\u30b8\u30a7\u30af\u30c8\u5b8c\u4e86\u65e5<\/strong> 2025\u5e743\u670822\u65e5<\/p>\n<p>\u00a0<\/p>\n<p><!-- \/wp:paragraph --><\/p>\n<p><!-- wp:paragraph --><\/p>\n<p><strong style=\"color: var( --e-global-color-text ); font-family: var( --e-global-typography-text-font-family ), Sans-serif; font-size: var( --e-global-typography-text-font-size );\">\u00a0<\/strong><\/p>\n<p class=\"translation-block\"><strong style=\"color: var( --e-global-color-text );font-family: var( --e-global-typography-text-font-family ), Sans-serif;font-size: var( --e-global-typography-text-font-size )\">\u30d7\u30ed\u30b8\u30a7\u30af\u30c8\u306e\u5834\u6240\uff1a<\/strong><span style=\"color: var( --e-global-color-text );font-family: var( --e-global-typography-text-font-family ), Sans-serif;font-size: var( --e-global-typography-text-font-size )\">2142 Nagytarcsa, Fels\u0151 Ipari k\u00f6r\u00fat 9.<\/span>&lt;\/span<\/p>\n<p>\u00a0<\/p>\n<p><!-- \/wp:paragraph --><\/p>\n<p><!-- wp:paragraph --><\/p>\n<p><strong>\u00a0<\/strong><\/p>\n<p><strong>\u30d7\u30ed\u30b8\u30a7\u30af\u30c8\u5185\u5bb9\u306e\u8a73\u7d30 <\/strong><\/p>\n<p><!-- \/wp:paragraph --><\/p>\n<p><!-- wp:paragraph --><\/p>\n<div style=\"text-align: justify;\">\n<p>\u305d\u306e\u7d50\u679c\u3001\u30e6\u30fc\u30b6\u30fc\u306e\u30cb\u30fc\u30ba\u306b\u6700\u9069\u5316\u3055\u308c\u305f\u7e4a\u7dad\u88fd\u30a8\u30a2\u30c0\u30af\u30c8\u30b7\u30b9\u30c6\u30e0\u304c\u8a95\u751f\u3057\u3001\u5e02\u5834\u7af6\u4e89\u529b\u304c\u9ad8\u307e\u308a\u307e\u3057\u305f\u3002\u3053\u306e\u88fd\u54c1\u7fa4\u306e\u958b\u767a\u306f\u3001\u6d41\u4f53\u52d5\u529b\u3001\u97f3\u97ff\u3001\u751f\u7523\u6280\u8853\u306b\u304a\u3051\u308b\u7814\u7a76\u958b\u767a\u80cc\u666f\u306b\u57fa\u3065\u3044\u3066\u304a\u308a\u3001\u30b7\u30b9\u30c6\u30e0\u30fb\u30b3\u30f3\u30dd\u30fc\u30cd\u30f3\u30c8\u3068\u30b7\u30b9\u30c6\u30e0\u81ea\u4f53\u306e\u4e21\u65b9\u306e\u30ec\u30d9\u30eb\u306b\u304a\u3044\u3066\u3001\u6b21\u306e\u3088\u3046\u306a\u5074\u9762\u3092\u6301\u3063\u3066\u3044\u307e\u3059\uff1a\u7a7a\u6c17\u8f38\u9001\u306e\u30a8\u30cd\u30eb\u30ae\u30fc\u52b9\u7387\u306e\u5411\u4e0a\u3001\u5c0e\u5165\u3055\u308c\u305f\u65b0\u9bae\u306a\u7a7a\u6c17\u306e\u3088\u308a\u52b9\u7387\u7684\u3067\u5747\u4e00\u306a\u5206\u914d\u306b\u3088\u308b\u901a\u98a8\u52b9\u679c\u306e\u6700\u5c0f\u5316\u3001\u4f4e\u9a12\u97f3\u904b\u8ee2\u3001\u30ec\u30fc\u30b6\u30fc\u5207\u65ad\u306b\u3088\u3063\u3066\u63d0\u4f9b\u3055\u308c\u308b\u751f\u7523\u6280\u8853\u306e\u53ef\u80fd\u6027\u3092\u6d3b\u7528\u3057\u305f\u751f\u7523\u30b3\u30b9\u30c8\u3068\u6642\u9593\u306e\u52b9\u7387\u5316\u3002\u73fe\u5728\u307e\u3067\u306e\u3068\u3053\u308d\u3001\u7a7a\u8abf\u30b7\u30b9\u30c6\u30e0\u5168\u4f53\u3092\u7e4a\u7dad\u88fd\u30c0\u30af\u30c8\u306e\u30cd\u30c3\u30c8\u30ef\u30fc\u30af\u3067\u6e80\u305f\u3059\u3053\u3068\u306f\u3067\u304d\u306a\u3044\u304c\u3001\u5206\u5c90\u90e8\u5206\u3060\u3051\u306f\u7e4a\u7dad\u88fd\u306b\u7f6e\u304d\u63db\u3048\u308b\u3053\u3068\u304c\u3067\u304d\u308b\u3002\u00a0<\/p>\n<p>\u00a0<\/p>\n<p>\u30d7\u30ed\u30b8\u30a7\u30af\u30c8\u306e\u7d50\u679c\u3001\u65b0\u305f\u306b\u69cb\u7bc9\u3055\u308c\u308b\u30c6\u30ad\u30b9\u30bf\u30a4\u30eb\u30fb\u30c0\u30af\u30c8\u30fb\u30cd\u30c3\u30c8\u30ef\u30fc\u30af\u306f\u3001\u5f93\u6765\u306e\u30e1\u30bf\u30eb\u30fb\u30c0\u30af\u30c8\u30fb\u30cd\u30c3\u30c8\u30ef\u30fc\u30af\u306b\u6bd4\u3079\u3001\u3088\u308a\u65e9\u304f\u3001\u3088\u308a\u5c11\u306a\u3044\u4eba\u54e1\u3067\u3001\u3088\u308a\u7c21\u5358\u306b\u8a2d\u7f6e\u30fb\u7dad\u6301\u3067\u304d\u308b\u30b7\u30b9\u30c6\u30e0\u3092\u63d0\u4f9b\u3059\u308b\u300230-40%\u3068\u306a\u308a\u3001\u30b7\u30b9\u30c6\u30e0\u306e\u30a8\u30cd\u30eb\u30ae\u30fc\u52b9\u7387\u304c\u5411\u4e0a\u3059\u308b\u3002\u91d1\u5c5e\u306e\u4ee3\u66ff\u3068\u30ea\u30b5\u30a4\u30af\u30eb\u53ef\u80fd\u306a\u30dd\u30ea\u30a8\u30b9\u30c6\u30eb\u7e4a\u7dad\u3092\u57fa\u6750\u3068\u3057\u3066\u4f7f\u7528\u3059\u308b\u305f\u3081\u3001\u74b0\u5883\u30d5\u30c3\u30c8\u30d7\u30ea\u30f3\u30c8\u3082\u524a\u6e1b\u3055\u308c\u307e\u3059\u3002\u30d7\u30ed\u30b8\u30a7\u30af\u30c8\u7d42\u4e86\u307e\u3067\u306b\u306f\u3001\u56fd\u5185\u9700\u8981\u306b\u5bfe\u5fdc\u3059\u308b\u3060\u3051\u3067\u306a\u304f\u3001\u8f38\u51fa\u751f\u7523\u306b\u3082\u9069\u3057\u305f\u3001\u5b8c\u5168\u7a3c\u52d5\u53ef\u80fd\u306a\u30c6\u30b9\u30c8\u6e08\u307f\u30b7\u30b9\u30c6\u30e0\u3092\u5b8c\u6210\u3055\u305b\u308b\u3053\u3068\u3092\u76ee\u6307\u3057\u3066\u3044\u307e\u3059\u3002\u65b0\u305f\u306a\u53ef\u80fd\u6027\u306f\u3001\u56fd\u5185\u3067\u306e\u9867\u5ba2\u57fa\u76e4\u3092\u62e1\u5927\u3057\u3001\u751f\u7523\u80fd\u529b\u306e\u5897\u5f37\u306f\u6d77\u5916\u5e02\u5834\u3078\u306e\u53c2\u5165\u3082\u53ef\u80fd\u306b\u3059\u308b\u3002\u5f53\u793e\u306f\u30cf\u30f3\u30ac\u30ea\u30fc\u5e02\u5834\u3067\u552f\u4e00\u306e\u7e4a\u7dad\u30c0\u30af\u30c8\u30e1\u30fc\u30ab\u30fc\u3067\u3059\u3002\u958b\u767a\u3055\u308c\u308b\u65b0\u88fd\u54c1\u30e9\u30a4\u30f3\u3067\u306f\u3001\u30d5\u30ed\u30fc\u30fb\u30b7\u30df\u30e5\u30ec\u30fc\u30b7\u30e7\u30f3\u30fb\u30b5\u30fc\u30d3\u30b9\u3068\u30cb\u30c3\u30c1\u30fb\u30a2\u30d7\u30ea\u30b1\u30fc\u30b7\u30e7\u30f3\u3092\u7d44\u307f\u5408\u308f\u305b\u3001\u30b3\u30f3\u30bb\u30d7\u30c8\u30fb\u30c7\u30b6\u30a4\u30f3\u304b\u3089\u65bd\u5de5\u524d\u307e\u3067\u3001\u9867\u5ba2\u304c\u5275\u9020\u7684\u306b\u30b7\u30b9\u30c6\u30e0\u8a2d\u8a08\u30d7\u30ed\u30bb\u30b9\u306b\u95a2\u4e0e\u3059\u308b\u3053\u3068\u3067\u3001\u7e4a\u7dad\u30c0\u30af\u30c8\u30fb\u30b7\u30b9\u30c6\u30e0\u3068\u4f9b\u7d66\u3055\u308c\u308b\u7a7a\u6c17\u7a7a\u9593\u3068\u306e\u76f8\u4e92\u4f5c\u7528\u3092\u6700\u9069\u5316\u3057\u3001\u9867\u5ba2\u6e80\u8db3\u5ea6\u3092\u6700\u5927\u5316\u3059\u308b\u3002\u00a0<\/p>\n<p>\u00a0<\/p>\n<p>\u5f53\u793e\u306e\u30bf\u30fc\u30b2\u30c3\u30c8\u5e02\u5834\u306f\u3001\u30db\u30fc\u30eb\u3001\u30aa\u30d5\u30a3\u30b9\u3001\u30b3\u30df\u30e5\u30cb\u30c6\u30a3\u30d3\u30eb\u306a\u3069\u306e\u7523\u696d\u30fb\u30aa\u30d5\u30a3\u30b9\u7528\u63db\u6c17\u30fb\u7a7a\u8abf\u8a2d\u5099\u306e\u8a2d\u8a08\u8005\u3001\u8acb\u8ca0\u696d\u8005\u3001\u30aa\u30da\u30ec\u30fc\u30bf\u30fc\u3067\u3059\u3002\u5f53\u793e\u306e\uff08\u56fd\u969b\u7684\u306a\uff09\u7af6\u5408\u4ed6\u793e\uff08\u30ef\u30f3\u30a8\u30a2\u30fc\u3001\u30af\u30ea\u30de\u30b8\u30fc\u30eb\u306a\u3069\uff09\u3068\u306e\u4e3b\u306a\u7af6\u4e89\u4e0a\u306e\u5dee\u5225\u5316\u8981\u56e0\u306f\u3001\u8a2d\u8a08\u30b7\u30df\u30e5\u30ec\u30fc\u30b7\u30e7\u30f3\u30fb\u30b5\u30fc\u30d3\u30b9\u3092\u901a\u3058\u3066\u3001\u7e4a\u7dad\u88fd\u30a8\u30a2\u30c0\u30af\u30c8\u3092\u542b\u3080\u30b7\u30b9\u30c6\u30e0\u306e\u6700\u9069\u8a2d\u8a08\u306b\u9867\u5ba2\u304c\u5275\u9020\u7684\u306b\u95a2\u4e0e\u3067\u304d\u308b\u3053\u3068\u3067\u3059\u3002<\/p>\n<p><!-- \/wp:paragraph --><\/p>\n<p><!-- wp:html --><\/p>\n<p>\u00a0<\/p>\n<p>\u30d7\u30ed\u30b8\u30a7\u30af\u30c8GINOP_PLUSZ-2.1.1-21-2022-00044\u306f\u3001\u6b27\u5dde\u9023\u5408\u306e\u652f\u63f4\u3068\u30cf\u30f3\u30ac\u30ea\u30fc\u56fd\u306e\u5171\u540c\u51fa\u8cc7\u306b\u3088\u308a\u5b9f\u65bd\u3055\u308c\u305f\u3002<\/p>\n<p><!-- \/wp:html --><\/p>\n<p><!-- wp:image --><\/p>\n<p><!-- \/wp:image --><\/p>\n<p><!-- wp:image --><\/p>\n<p><!-- \/wp:image --><\/p>\n<p><!-- wp:image --><\/p>\n<p><!-- \/wp:image --><\/p>\n<p><!-- wp:image --><\/p>\n<p><!-- \/wp:image --><\/p>\n<p><!-- wp:image --><\/p>\n<p><!-- \/wp:image --><\/p>\n<p><!-- wp:image --><\/p>\n<p><!-- \/wp:image --><\/p>\n<\/div>\t\t\t\t\t\t\t\t<\/div>\n\t\t\t\t<\/div>\n\t\t\t\t\t<\/div>\n\t\t<\/div>\n\t\t\t\t\t<\/div>\n\t\t<\/section>\n\t\t\t\t<\/div>","protected":false},"excerpt":{"rendered":"<p>Kedvezm\u00e9nyezett neve: DAAL-CON Korl\u00e1tolt Felel\u0151ss\u00e9g\u0171 T\u00e1rsas\u00e1g \u00a0 \u00a0 Fejleszt\u00e9s t\u00e1rgya, c\u00e9lja: Textil l\u00e9gcsatorna rendszerek megval\u00f3s\u00edt\u00e1sa \u00a0 Szerz\u0151d\u00f6tt t\u00e1mogat\u00e1s \u00f6sszege: 188 452 007 Ft \u00a0 Eur\u00f3pai Uni\u00f3s t\u00e1mogat\u00e1s \u00f6sszege: 165 837 765 Ft \u00a0 \u00a0 A t\u00e1mogat\u00e1s intenzit\u00e1sa: 65,11% \u00a0 \u00a0 Projekt befejez\u00e9si d\u00e1tuma: 2025. m\u00e1rcius 22. \u00a0 \u00a0 A projekt megval\u00f3s\u00edt\u00e1si helysz\u00edne: 2142 Nagytarcsa, Fels\u0151 Ipari k\u00f6r\u00fat 9. \u00a0 \u00a0 Projekt tartalm\u00e1nak r\u00e9szletes bemutat\u00e1sa: A projekt eredm\u00e9nyek\u00e9ppen l\u00e9trej\u00f6v\u0151 term\u00e9kcsal\u00e1d: a felhaszn\u00e1l\u00f3i ig\u00e9nyekre optimaliz\u00e1lt, ez\u00e1ltal fokozott piaci versenyk\u00e9pess\u00e9g\u0171 textil l\u00e9gcsatorna rendszerek, melyek modul\u00e1risan, \u00fajonnan kifejlesztett alkatelemekb\u0151l \u00e9p\u00fclnek fel. A term\u00e9kcsal\u00e1d kifejleszt\u00e9se \u00e1raml\u00e1stechnikai, akusztikai, \u00e9s gy\u00e1rt\u00e1stechnol\u00f3giai kutat\u00e1si \u00e9s fejleszt\u00e9si h\u00e1tt\u00e9rre t\u00e1maszkodik, a rendszerelemek \u00e9s a bel\u0151l\u00fck fel\u00e9p\u00edtett rendszer szintj\u00e9n egyar\u00e1nt, a k\u00f6vetkez\u0151 [&hellip;]<\/p>\n","protected":false},"author":1,"featured_media":5665,"parent":0,"menu_order":0,"comment_status":"closed","ping_status":"closed","template":"","meta":{"footnotes":""},"class_list":["post-5664","page","type-page","status-publish","has-post-thumbnail","hentry"],"_links":{"self":[{"href":"https:\/\/exandair.com\/ja\/wp-json\/wp\/v2\/pages\/5664","targetHints":{"allow":["GET"]}}],"collection":[{"href":"https:\/\/exandair.com\/ja\/wp-json\/wp\/v2\/pages"}],"about":[{"href":"https:\/\/exandair.com\/ja\/wp-json\/wp\/v2\/types\/page"}],"author":[{"embeddable":true,"href":"https:\/\/exandair.com\/ja\/wp-json\/wp\/v2\/users\/1"}],"replies":[{"embeddable":true,"href":"https:\/\/exandair.com\/ja\/wp-json\/wp\/v2\/comments?post=5664"}],"version-history":[{"count":15,"href":"https:\/\/exandair.com\/ja\/wp-json\/wp\/v2\/pages\/5664\/revisions"}],"predecessor-version":[{"id":6889,"href":"https:\/\/exandair.com\/ja\/wp-json\/wp\/v2\/pages\/5664\/revisions\/6889"}],"wp:featuredmedia":[{"embeddable":true,"href":"https:\/\/exandair.com\/ja\/wp-json\/wp\/v2\/media\/5665"}],"wp:attachment":[{"href":"https:\/\/exandair.com\/ja\/wp-json\/wp\/v2\/media?parent=5664"}],"curies":[{"name":"wp","href":"https:\/\/api.w.org\/{rel}","templated":true}]}}