{"id":5664,"date":"2022-07-21T16:14:07","date_gmt":"2022-07-21T15:14:07","guid":{"rendered":"https:\/\/exandair.com\/?page_id=5664"},"modified":"2025-06-18T11:47:37","modified_gmt":"2025-06-18T10:47:37","slug":"sechenyi-plan-plus-tamogatas","status":"publish","type":"page","link":"https:\/\/exandair.com\/ro\/szechenyi-terv-plusz-tamogatas\/","title":{"rendered":"Implementarea sistemelor de conducte textile"},"content":{"rendered":"<div data-elementor-type=\"wp-page\" data-elementor-id=\"5664\" class=\"elementor elementor-5664\" data-elementor-post-type=\"page\">\n\t\t\t\t\t\t<section class=\"elementor-section elementor-top-section elementor-element elementor-element-7b0b1e95 elementor-section-boxed elementor-section-height-default elementor-section-height-default\" data-id=\"7b0b1e95\" data-element_type=\"section\" data-e-type=\"section\" data-settings=\"{&quot;jet_parallax_layout_list&quot;:[]}\">\n\t\t\t\t\t\t<div class=\"elementor-container elementor-column-gap-default\">\n\t\t\t\t\t<div class=\"elementor-column elementor-col-100 elementor-top-column elementor-element elementor-element-1e81a51c\" data-id=\"1e81a51c\" data-element_type=\"column\" data-e-type=\"column\">\n\t\t\t<div class=\"elementor-widget-wrap elementor-element-populated\">\n\t\t\t\t\t\t<div class=\"elementor-element elementor-element-189e61f3 elementor-widget elementor-widget-text-editor\" data-id=\"189e61f3\" data-element_type=\"widget\" data-e-type=\"widget\" data-widget_type=\"text-editor.default\">\n\t\t\t\t<div class=\"elementor-widget-container\">\n\t\t\t\t\t\t\t\t\t<figure><img fetchpriority=\"high\" decoding=\"async\" src=\"https:\/\/exandair.com\/wp-content\/uploads\/2022\/08\/Szechenyi-Terv-Plusz_allo_infoblokk_rgb_tarsfinansziroz-s-300x261.jpg\" alt=\"\" width=\"300\" height=\"261\" \/><\/figure>\n<p><!-- \/wp:image --><\/p>\n<p><!-- wp:paragraph --><\/p>\n<p class=\"translation-block\"><strong>Numele beneficiarului:<\/strong> DAAL-CON Korl\u00e1tolt Felel\u0151ss\u00e9g\u0171 T\u00e1rsas\u00e1g<\/p>\n<p>\u00a0<\/p>\n<p><!-- \/wp:paragraph --><\/p>\n<p><!-- wp:paragraph --><\/p>\n<p><strong>\u00a0<\/strong><\/p>\n<p class=\"translation-block\"><strong>Subiectul \u0219i scopul dezvolt\u0103rii:<\/strong> Implementarea sistemelor de conducte textile<\/p>\n<p><!-- \/wp:paragraph --><\/p>\n<p><!-- wp:paragraph --><\/p>\n<p>\u00a0<\/p>\n<p class=\"translation-block\"><strong style=\"color: var( --e-global-color-text );font-family: var( --e-global-typography-text-font-family ), Sans-serif;font-size: var( --e-global-typography-text-font-size )\">M\u0103rimea ajutorului contractat:<\/strong><span style=\"color: var( --e-global-color-text );font-family: var( --e-global-typography-text-font-family ), Sans-serif;font-size: var( --e-global-typography-text-font-size )\"> HUF 188 452 007<\/span><\/p>\n<p>\u00a0<\/p>\n<p><strong>Valoarea sprijinului acordat de Uniunea European\u0103:<\/strong> 165 837 765 Ft<\/p>\n<p>\u00a0<\/p>\n<p><b>\u00a0<\/b><\/p>\n<p><b>Intensitatea ajutorului: <\/b>65,11%<\/p>\n<p>\u00a0<\/p>\n<p><!-- \/wp:paragraph --><\/p>\n<p><!-- wp:paragraph --><\/p>\n<p><strong style=\"color: var( --e-global-color-text ); font-family: var( --e-global-typography-text-font-family ), Sans-serif; font-size: var( --e-global-typography-text-font-size );\">\u00a0<\/strong><\/p>\n<p><strong>Data finaliz\u0103rii proiectului:<\/strong> 22 martie 2025.<\/p>\n<p>\u00a0<\/p>\n<p><!-- \/wp:paragraph --><\/p>\n<p><!-- wp:paragraph --><\/p>\n<p><strong style=\"color: var( --e-global-color-text ); font-family: var( --e-global-typography-text-font-family ), Sans-serif; font-size: var( --e-global-typography-text-font-size );\">\u00a0<\/strong><\/p>\n<p class=\"translation-block\"><strong style=\"color: var( --e-global-color-text );font-family: var( --e-global-typography-text-font-family ), Sans-serif;font-size: var( --e-global-typography-text-font-size )\">Localizarea proiectului: <\/strong><span style=\"color: var( --e-global-color-text );font-family: var( --e-global-typography-text-font-family ), Sans-serif;font-size: var( --e-global-typography-text-font-size )\">2142 Nagytarcsa, Fels\u0151 Ipari k\u00f6r\u00fat 9.<\/span><\/p>\n<p>\u00a0<\/p>\n<p><!-- \/wp:paragraph --><\/p>\n<p><!-- wp:paragraph --><\/p>\n<p><strong>\u00a0<\/strong><\/p>\n<p><strong>Descrierea detaliat\u0103 a con\u021binutului proiectului: <\/strong><\/p>\n<p><!-- \/wp:paragraph --><\/p>\n<p><!-- wp:paragraph --><\/p>\n<div style=\"text-align: justify;\">\n<p>Gama de produse rezultat\u0103: sisteme textile de conducte de aer optimizate \u00een func\u021bie de nevoile utilizatorilor, sporind astfel competitivitatea lor pe pia\u021b\u0103, \u0219i construite modular din subelemente nou dezvoltate. Dezvoltarea gamei de produse se bazeaz\u0103 pe un fond de cercetare \u0219i dezvoltare \u00een domeniul fluidodinamicii, al acusticii \u0219i al tehnologiei de produc\u021bie, at\u00e2t la nivelul componentelor sistemului, c\u00e2t \u0219i al sistemului \u00een sine, cu urm\u0103toarele aspecte: cre\u0219terea eficien\u021bei energetice a transportului de aer; distribuirea mai eficient\u0103 \u0219i mai uniform\u0103 a aerului proasp\u0103t introdus, minimiz\u00e2nd astfel efectul de curent de aer; func\u021bionare silen\u021bioas\u0103; eficien\u021ba costurilor \u0219i timpului de produc\u021bie, profit\u00e2nd de posibilit\u0103\u021bile tehnologiei de produc\u021bie oferite de t\u0103ierea cu laser. P\u00e2n\u0103 \u00een prezent, nu a fost posibil\u0103 satisfacerea \u00eentregului sistem de climatizare cu o re\u021bea de conducte textile, doar ramifica\u021biile put\u00e2nd fi \u00eenlocuite cu textile.\u00a0<\/p>\n<p>\u00a0<\/p>\n<p>Noua re\u021bea de conducte textile care va fi creat\u0103 ca urmare a proiectului va oferi un sistem mai rapid, mai u\u0219or de instalat \u0219i de \u00eentre\u021binut cu mai pu\u021bine persoane, cu un nivel mai ridicat de confort \u0219i un cost de proprietate mai sc\u0103zut dec\u00e2t re\u021beaua tradi\u021bional\u0103 de conducte metalice. 30-40% \u0219i eficien\u021ba energetic\u0103 a sistemului este crescut\u0103. Amprenta asupra mediului este redus\u0103 datorit\u0103 \u00eenlocuirii metalului \u0219i utiliz\u0103rii fibrei de poliester reciclabile ca material de baz\u0103. P\u00e2n\u0103 la sf\u00e2r\u0219itul proiectului, ne propunem s\u0103 utiliz\u0103m un sistem complet, pe deplin opera\u021bional \u0219i testat, care este adecvat pentru produc\u021bia de export, precum \u0219i pentru satisfacerea cererii interne. Noile posibilit\u0103\u021bi ne vor spori baza de clien\u021bi pe pia\u021ba intern\u0103, iar cre\u0219terea capacit\u0103\u021bii ne va permite, de asemenea, s\u0103 intr\u0103m pe pie\u021bele externe. Suntem singurul produc\u0103tor de conducte textile de pe pia\u021ba maghiar\u0103. Pentru noua linie de produse care urmeaz\u0103 s\u0103 fie dezvoltat\u0103, vom combina un serviciu de simulare a fluxului cu o aplica\u021bie de ni\u0219\u0103 \u00een cadrul c\u0103reia clientul va fi implicat \u00een mod creativ \u00een procesul de proiectare a sistemului, de la proiectarea conceptual\u0103 p\u00e2n\u0103 la preconstruc\u021bie, optimiz\u00e2nd interac\u021biunea dintre sistemul de conducte textile \u0219i spa\u021biile de aer deservite \u0219i maximiz\u00e2nd astfel satisfac\u021bia clientului.\u00a0<\/p>\n<p>\u00a0<\/p>\n<p>Pia\u021ba noastr\u0103 \u021bint\u0103 este reprezentat\u0103 de proiectan\u021bi, antreprenori \u0219i operatori de instala\u021bii industriale \u0219i de birouri de ventila\u021bie \u0219i climatizare, cum ar fi hale, birouri, cl\u0103diri comunitare. Principalul diferen\u021biator competitiv fa\u021b\u0103 de concuren\u021bii no\u0219tri (interna\u021bionali) (de exemplu, One air, Klimagiel) este implicarea creativ\u0103 a clientului \u00een proiectarea optim\u0103 a sistemelor, inclusiv a conductelor de aer textile, prin intermediul unui serviciu de proiectare-simulare.<\/p>\n<p><!-- \/wp:paragraph --><\/p>\n<p><!-- wp:html --><\/p>\n<p>\u00a0<\/p>\n<p>Proiectul GINOP_PLUSZ-2.1.1-21-2022-00044 a fost implementat cu sprijinul Uniunii Europene \u0219i cofinan\u021bat de statul maghiar.<\/p>\n<p><!-- \/wp:html --><\/p>\n<p><!-- wp:image --><\/p>\n<p><!-- \/wp:image --><\/p>\n<p><!-- wp:image --><\/p>\n<p><!-- \/wp:image --><\/p>\n<p><!-- wp:image --><\/p>\n<p><!-- \/wp:image --><\/p>\n<p><!-- wp:image --><\/p>\n<p><!-- \/wp:image --><\/p>\n<p><!-- wp:image --><\/p>\n<p><!-- \/wp:image --><\/p>\n<p><!-- wp:image --><\/p>\n<p><!-- \/wp:image --><\/p>\n<\/div>\t\t\t\t\t\t\t\t<\/div>\n\t\t\t\t<\/div>\n\t\t\t\t\t<\/div>\n\t\t<\/div>\n\t\t\t\t\t<\/div>\n\t\t<\/section>\n\t\t\t\t<\/div>","protected":false},"excerpt":{"rendered":"<p>Kedvezm\u00e9nyezett neve: DAAL-CON Korl\u00e1tolt Felel\u0151ss\u00e9g\u0171 T\u00e1rsas\u00e1g \u00a0 \u00a0 Fejleszt\u00e9s t\u00e1rgya, c\u00e9lja: Textil l\u00e9gcsatorna rendszerek megval\u00f3s\u00edt\u00e1sa \u00a0 Szerz\u0151d\u00f6tt t\u00e1mogat\u00e1s \u00f6sszege: 188 452 007 Ft \u00a0 Eur\u00f3pai Uni\u00f3s t\u00e1mogat\u00e1s \u00f6sszege: 165 837 765 Ft \u00a0 \u00a0 A t\u00e1mogat\u00e1s intenzit\u00e1sa: 65,11% \u00a0 \u00a0 Projekt befejez\u00e9si d\u00e1tuma: 2025. m\u00e1rcius 22. \u00a0 \u00a0 A projekt megval\u00f3s\u00edt\u00e1si helysz\u00edne: 2142 Nagytarcsa, Fels\u0151 [&hellip;]<\/p>\n","protected":false},"author":1,"featured_media":5665,"parent":0,"menu_order":0,"comment_status":"closed","ping_status":"closed","template":"","meta":{"footnotes":""},"class_list":["post-5664","page","type-page","status-publish","has-post-thumbnail","hentry"],"_links":{"self":[{"href":"https:\/\/exandair.com\/ro\/wp-json\/wp\/v2\/pages\/5664","targetHints":{"allow":["GET"]}}],"collection":[{"href":"https:\/\/exandair.com\/ro\/wp-json\/wp\/v2\/pages"}],"about":[{"href":"https:\/\/exandair.com\/ro\/wp-json\/wp\/v2\/types\/page"}],"author":[{"embeddable":true,"href":"https:\/\/exandair.com\/ro\/wp-json\/wp\/v2\/users\/1"}],"replies":[{"embeddable":true,"href":"https:\/\/exandair.com\/ro\/wp-json\/wp\/v2\/comments?post=5664"}],"version-history":[{"count":15,"href":"https:\/\/exandair.com\/ro\/wp-json\/wp\/v2\/pages\/5664\/revisions"}],"predecessor-version":[{"id":6889,"href":"https:\/\/exandair.com\/ro\/wp-json\/wp\/v2\/pages\/5664\/revisions\/6889"}],"wp:featuredmedia":[{"embeddable":true,"href":"https:\/\/exandair.com\/ro\/wp-json\/wp\/v2\/media\/5665"}],"wp:attachment":[{"href":"https:\/\/exandair.com\/ro\/wp-json\/wp\/v2\/media?parent=5664"}],"curies":[{"name":"wp","href":"https:\/\/api.w.org\/{rel}","templated":true}]}}